{"id":13,"date":"2022-07-26T16:57:00","date_gmt":"2022-07-26T16:57:00","guid":{"rendered":"https:\/\/kanopimimarlik.com\/?page_id=13"},"modified":"2022-08-08T06:23:15","modified_gmt":"2022-08-08T06:23:15","slug":"about","status":"publish","type":"page","link":"https:\/\/kanopimimarlik.com\/tr\/about\/","title":{"rendered":"about"},"content":{"rendered":"<p><\/p>\n\n\n\n<p><\/p>\n\n\n\n<p><\/p>\n\n\n\n<p><\/p>\n<div class=\"bm-builder clearfix\"><div id=\"\" class=\"module col-4 module-id-1659939276173 col-offset-0\" data-module-col=\"4\"><div class=\"module-inside text-inside\" style=\"--top-mod: 10px;--bottom-mod: 20px;--top-mod-m:0px;--bottom-mod-m:20px;\" ><div class=\"text_block_out\"  data-effect=\"standard\" style=\"\"><div class=\"text_block ux-mod-nobg\"><div class=\"text_block_inn\"><div id=\"text-1659939276173\" class=\"text_block_centered text_block_centered_enable_width\"  style=\"\"><p style=\"text-align: left;\"><strong><span style=\"font-size: 30px;\" data-msize=\"22px\">Hakk\u0131m\u0131zda<\/span><\/strong><\/p>\n<p>&nbsp;<\/p>\n<p style=\"text-align: left;\"><span data-msize=\"17px\">Kanopi, a\u015fa\u011f\u0131daki insanlar\u0131 ya\u011fmur, kar, g\u00fcne\u015f ve yukar\u0131dan d\u00fc\u015febilecek nesnelere kar\u015f\u0131 koruyan modern bir sa\u00e7akt\u0131r. Kanopi, mimaride tan\u0131mlanan anlam do\u011frultusunda, g\u00f6lgeli\u011fin sahip oldu\u011fu bar\u0131nma felsefesine dayal\u0131 bir anlay\u0131\u015fla kurulmu\u015ftur. Ait oldu\u011funuz kavramda hissetmek i\u00e7in yarat\u0131lm\u0131\u015f bir topluluk; farkl\u0131 bak\u0131\u015f a\u00e7\u0131lar\u0131n\u0131n bir araya geldi\u011fi bir odak noktad\u0131r. Kanopi, farkl\u0131 aray\u00fczlerin ayn\u0131 disiplin i\u00e7inde bir araya geldi\u011fi bir \u00e7al\u0131\u015fma mekanizmas\u0131d\u0131r. Mimarl\u0131k, tasar\u0131m ve \u015fehircilik alanlar\u0131nda esnek ve dinamik bir y\u00f6ntemle faaliyet g\u00f6stermektedir.<\/span><\/p>\n<p>&nbsp;<\/p>\n<p class=\" translation-block\">Kanopi, Simin Pakakar taraf\u0131ndan kuruldu. \u00d6zye\u011fin \u00dcniversitesi, mimarl\u0131k fak\u00fcltesinden mezun olduktan sonra, y\u00fcksek lisans\u0131n\u0131 Milano, Domus Academy'de, Urban Vision and Architecture alan\u0131nda yapt\u0131.<\/p><\/div><\/div><\/div><\/div><\/div><\/div><div id=\"\" class=\"module col-6 module-id-1660329915247 col-offset-2\" data-module-col=\"6\"><div class=\"module-inside single-image-inside\" style=\"--cornerRadius:0px 0px 0px 0px ; --cornerRadiusM:0px 0px 0px 0px ; --top-mod: 160px;--bottom-mod: 20px;--top-mod-m:80px;--bottom-mod-m:10px;\" ><div class=\"single-image-out\"  ><figure class=\"single-image   single-image-full\" no><div class=\"ux-hover-wrap anima-wrap\" style=\"padding-top: 57.734375%;\"><span class=\"ux-hover-wrap-a\"><img alt=\"kanopi site kapak\" class=\"single-image-img img1st lazy\" src=\"data:image\/gif;base64,R0lGODlhAQABAIAAAAAAAP\/\/\/yH5BAEAAAAALAAAAAABAAEAAAIBRAA7\" data-src=\"https:\/\/kanopimimarlik.com\/wp-content\/uploads\/2022\/08\/kanopi-site-kapak-scaled.jpg\" data-srcset=\"https:\/\/kanopimimarlik.com\/wp-content\/uploads\/2022\/08\/kanopi-site-kapak-scaled.jpg 2560w, https:\/\/kanopimimarlik.com\/wp-content\/uploads\/2022\/08\/kanopi-site-kapak-300x173.jpg 300w, https:\/\/kanopimimarlik.com\/wp-content\/uploads\/2022\/08\/kanopi-site-kapak-1024x591.jpg 1024w, https:\/\/kanopimimarlik.com\/wp-content\/uploads\/2022\/08\/kanopi-site-kapak-768x443.jpg 768w, https:\/\/kanopimimarlik.com\/wp-content\/uploads\/2022\/08\/kanopi-site-kapak-1536x887.jpg 1536w, https:\/\/kanopimimarlik.com\/wp-content\/uploads\/2022\/08\/kanopi-site-kapak-2048x1183.jpg 2048w, https:\/\/kanopimimarlik.com\/wp-content\/uploads\/2022\/08\/kanopi-site-kapak-18x10.jpg 18w, https:\/\/kanopimimarlik.com\/wp-content\/uploads\/2022\/08\/kanopi-site-kapak-350x202.jpg 350w, https:\/\/kanopimimarlik.com\/wp-content\/uploads\/2022\/08\/kanopi-site-kapak-650x375.jpg 650w, https:\/\/kanopimimarlik.com\/wp-content\/uploads\/2022\/08\/kanopi-site-kapak-1000x577.jpg 1000w, https:\/\/kanopimimarlik.com\/wp-content\/uploads\/2022\/08\/kanopi-site-kapak-2000x1155.jpg 2000w\" data-sizes=\"(max-width: 480px) 320px,(max-width: 767px) 500px,(max-width: 2560px) 100vw, 2560px\" width=\"2560\" height=\"1478\" \/><\/span><\/div><\/figure><\/div><\/div><\/div><div id=\"\" class=\"module col-12 module-id-1660147182944 col-offset-0\" data-module-col=\"12\"><div class=\"module-inside text-inside\" style=\"--top-mod: 60px;--bottom-mod: 0px;--top-mod-m:30px;--bottom-mod-m:0px;\" ><div class=\"text_block_out\"  data-effect=\"standard\" style=\"\"><div class=\"text_block ux-mod-nobg\"><div class=\"text_block_inn\"><div id=\"text-1660147182944\" class=\"text_block_centered text_block_centered_enable_width\"  style=\"\"><p><strong>\u00d6d\u00fcller<\/strong><\/p>\n<ul>\n<li><a class=\"\" href=\"https:\/\/www.arkitera.com\/proje\/satin-alma-bursa-hanlar-bolgesi-carsibasi-kentsel-tasarim-proje-yarismasi-4\/\" target=\"\">Bursa Hanlar Mahallesi \u00c7ar\u015f\u0131ba\u015f\u0131 Kentsel Tasar\u0131m Proje Yar\u0131\u015fmas\u0131 (2021) \/ Sat\u0131n Alma Grubu<\/a> &#8211; <a href=\"https:\/\/kanopimimarlik.com\/tr\/ux-portfolio\/bursa-urban-design\/\"><em>Projeye bak\u0131n\u0131z<\/em><\/a><\/li>\n<li><a class=\"\" href=\"https:\/\/www.arkitera.com\/proje\/katilimci-buyukada-fayton-meydani-kentsel-tasarim-yarismasi\/\" target=\"\">B\u00fcy\u00fckada Araba Meydan\u0131 Kentsel Tasar\u0131m Yar\u0131\u015fmas\u0131 (2021) \/ 2. Etap<\/a> &#8211; <a href=\"https:\/\/kanopimimarlik.com\/tr\/ux-portfolio\/buyukada-square-project\/\"><em>Projeye bak\u0131n\u0131z<\/em><\/a><\/li>\n<\/ul>\n<p>&nbsp;<\/p>\n<p>&nbsp;<\/p>\n<p>&nbsp;<\/p><\/div><\/div><\/div><\/div><\/div><\/div><\/div>","protected":false},"excerpt":{"rendered":"<p>About &nbsp; Canopy is a modern eave that protects the &hellip;<\/p>","protected":false},"author":1,"featured_media":0,"parent":0,"menu_order":0,"comment_status":"closed","ping_status":"closed","template":"","meta":{"inline_featured_image":false},"yoast_head":"<!-- This site is optimized with the Yoast SEO plugin v19.5.1 - https:\/\/yoast.com\/wordpress\/plugins\/seo\/ -->\n<title>about - Kanopi Mimarlik<\/title>\n<meta name=\"robots\" content=\"index, follow, max-snippet:-1, max-image-preview:large, max-video-preview:-1\" \/>\n<link rel=\"canonical\" href=\"https:\/\/kanopimimarlik.com\/tr\/about\/\" \/>\n<meta property=\"og:locale\" content=\"tr_TR\" \/>\n<meta property=\"og:type\" content=\"article\" \/>\n<meta property=\"og:title\" content=\"about - Kanopi Mimarlik\" \/>\n<meta property=\"og:description\" content=\"About &nbsp; Canopy is a modern eave that protects the &hellip;\" \/>\n<meta property=\"og:url\" content=\"https:\/\/kanopimimarlik.com\/tr\/about\/\" \/>\n<meta property=\"og:site_name\" content=\"Kanopi Mimarlik\" \/>\n<meta property=\"article:modified_time\" content=\"2022-08-08T06:23:15+00:00\" \/>\n<meta name=\"twitter:card\" content=\"summary_large_image\" \/>\n<script type=\"application\/ld+json\" class=\"yoast-schema-graph\">{\"@context\":\"https:\/\/schema.org\",\"@graph\":[{\"@type\":\"WebPage\",\"@id\":\"https:\/\/kanopimimarlik.com\/about\/\",\"url\":\"https:\/\/kanopimimarlik.com\/about\/\",\"name\":\"about - Kanopi Mimarlik\",\"isPartOf\":{\"@id\":\"https:\/\/kanopimimarlik.com\/#website\"},\"datePublished\":\"2022-07-26T16:57:00+00:00\",\"dateModified\":\"2022-08-08T06:23:15+00:00\",\"breadcrumb\":{\"@id\":\"https:\/\/kanopimimarlik.com\/about\/#breadcrumb\"},\"inLanguage\":\"tr\",\"potentialAction\":[{\"@type\":\"ReadAction\",\"target\":[\"https:\/\/kanopimimarlik.com\/about\/\"]}]},{\"@type\":\"BreadcrumbList\",\"@id\":\"https:\/\/kanopimimarlik.com\/about\/#breadcrumb\",\"itemListElement\":[{\"@type\":\"ListItem\",\"position\":1,\"name\":\"Home\",\"item\":\"https:\/\/kanopimimarlik.com\/\"},{\"@type\":\"ListItem\",\"position\":2,\"name\":\"about\"}]},{\"@type\":\"WebSite\",\"@id\":\"https:\/\/kanopimimarlik.com\/#website\",\"url\":\"https:\/\/kanopimimarlik.com\/\",\"name\":\"Kanopi Mimarlik\",\"description\":\"\",\"publisher\":{\"@id\":\"https:\/\/kanopimimarlik.com\/#organization\"},\"potentialAction\":[{\"@type\":\"SearchAction\",\"target\":{\"@type\":\"EntryPoint\",\"urlTemplate\":\"https:\/\/kanopimimarlik.com\/?s={search_term_string}\"},\"query-input\":\"required name=search_term_string\"}],\"inLanguage\":\"tr\"},{\"@type\":\"Organization\",\"@id\":\"https:\/\/kanopimimarlik.com\/#organization\",\"name\":\"Kanopi Mimarlik\",\"url\":\"https:\/\/kanopimimarlik.com\/\",\"sameAs\":[\"https:\/\/www.instagram.com\/kanopimimarlik\/\",\"https:\/\/www.linkedin.com\/company\/kanopimimarlk\/\"],\"logo\":{\"@type\":\"ImageObject\",\"inLanguage\":\"tr\",\"@id\":\"https:\/\/kanopimimarlik.com\/#\/schema\/logo\/image\/\",\"url\":\"https:\/\/kanopimimarlik.com\/wp-content\/uploads\/2022\/07\/cropped-kanopilogo-1-e1658853668640.png\",\"contentUrl\":\"https:\/\/kanopimimarlik.com\/wp-content\/uploads\/2022\/07\/cropped-kanopilogo-1-e1658853668640.png\",\"width\":512,\"height\":512,\"caption\":\"Kanopi Mimarlik\"},\"image\":{\"@id\":\"https:\/\/kanopimimarlik.com\/#\/schema\/logo\/image\/\"}}]}<\/script>\n<!-- \/ Yoast SEO plugin. -->","yoast_head_json":{"title":"about - Kanopi Mimarlik","robots":{"index":"index","follow":"follow","max-snippet":"max-snippet:-1","max-image-preview":"max-image-preview:large","max-video-preview":"max-video-preview:-1"},"canonical":"https:\/\/kanopimimarlik.com\/tr\/about\/","og_locale":"tr_TR","og_type":"article","og_title":"about - Kanopi Mimarlik","og_description":"About &nbsp; Canopy is a modern eave that protects the &hellip;","og_url":"https:\/\/kanopimimarlik.com\/tr\/about\/","og_site_name":"Kanopi Mimarlik","article_modified_time":"2022-08-08T06:23:15+00:00","twitter_card":"summary_large_image","schema":{"@context":"https:\/\/schema.org","@graph":[{"@type":"WebPage","@id":"https:\/\/kanopimimarlik.com\/about\/","url":"https:\/\/kanopimimarlik.com\/about\/","name":"about - Kanopi Mimarlik","isPartOf":{"@id":"https:\/\/kanopimimarlik.com\/#website"},"datePublished":"2022-07-26T16:57:00+00:00","dateModified":"2022-08-08T06:23:15+00:00","breadcrumb":{"@id":"https:\/\/kanopimimarlik.com\/about\/#breadcrumb"},"inLanguage":"tr","potentialAction":[{"@type":"ReadAction","target":["https:\/\/kanopimimarlik.com\/about\/"]}]},{"@type":"BreadcrumbList","@id":"https:\/\/kanopimimarlik.com\/about\/#breadcrumb","itemListElement":[{"@type":"ListItem","position":1,"name":"Home","item":"https:\/\/kanopimimarlik.com\/"},{"@type":"ListItem","position":2,"name":"about"}]},{"@type":"WebSite","@id":"https:\/\/kanopimimarlik.com\/#website","url":"https:\/\/kanopimimarlik.com\/","name":"Kanopi Mimarlik","description":"","publisher":{"@id":"https:\/\/kanopimimarlik.com\/#organization"},"potentialAction":[{"@type":"SearchAction","target":{"@type":"EntryPoint","urlTemplate":"https:\/\/kanopimimarlik.com\/?s={search_term_string}"},"query-input":"required name=search_term_string"}],"inLanguage":"tr"},{"@type":"Organization","@id":"https:\/\/kanopimimarlik.com\/#organization","name":"Kanopi Mimarlik","url":"https:\/\/kanopimimarlik.com\/","sameAs":["https:\/\/www.instagram.com\/kanopimimarlik\/","https:\/\/www.linkedin.com\/company\/kanopimimarlk\/"],"logo":{"@type":"ImageObject","inLanguage":"tr","@id":"https:\/\/kanopimimarlik.com\/#\/schema\/logo\/image\/","url":"https:\/\/kanopimimarlik.com\/wp-content\/uploads\/2022\/07\/cropped-kanopilogo-1-e1658853668640.png","contentUrl":"https:\/\/kanopimimarlik.com\/wp-content\/uploads\/2022\/07\/cropped-kanopilogo-1-e1658853668640.png","width":512,"height":512,"caption":"Kanopi Mimarlik"},"image":{"@id":"https:\/\/kanopimimarlik.com\/#\/schema\/logo\/image\/"}}]}},"_links":{"self":[{"href":"https:\/\/kanopimimarlik.com\/tr\/wp-json\/wp\/v2\/pages\/13"}],"collection":[{"href":"https:\/\/kanopimimarlik.com\/tr\/wp-json\/wp\/v2\/pages"}],"about":[{"href":"https:\/\/kanopimimarlik.com\/tr\/wp-json\/wp\/v2\/types\/page"}],"author":[{"embeddable":true,"href":"https:\/\/kanopimimarlik.com\/tr\/wp-json\/wp\/v2\/users\/1"}],"replies":[{"embeddable":true,"href":"https:\/\/kanopimimarlik.com\/tr\/wp-json\/wp\/v2\/comments?post=13"}],"version-history":[{"count":2,"href":"https:\/\/kanopimimarlik.com\/tr\/wp-json\/wp\/v2\/pages\/13\/revisions"}],"predecessor-version":[{"id":362,"href":"https:\/\/kanopimimarlik.com\/tr\/wp-json\/wp\/v2\/pages\/13\/revisions\/362"}],"wp:attachment":[{"href":"https:\/\/kanopimimarlik.com\/tr\/wp-json\/wp\/v2\/media?parent=13"}],"curies":[{"name":"wp","href":"https:\/\/api.w.org\/{rel}","templated":true}]}}